{"id":1330,"date":"2025-12-11T13:13:17","date_gmt":"2025-12-11T13:13:17","guid":{"rendered":"https:\/\/oscar-spin.org\/inicio-de-sessao-e-registo\/"},"modified":"2025-12-12T13:45:45","modified_gmt":"2025-12-12T13:45:45","slug":"anmeldung-und-registrierung","status":"publish","type":"page","link":"https:\/\/oscar-spin.org\/de\/anmeldung-und-registrierung\/","title":{"rendered":"Anmeldung und Registrierung"},"content":{"rendered":"<h1>Oscarspin-Login<\/h1>\n<p>Der Oscarspin Login ist Ihr Zugang zu Ihrem Casino-Konto und der Ort, an dem Ihre Daten, Zahlungen und Ihre Spielaktivit\u00e4t an einem Platz geb\u00fcndelt werden. Dieselbe Login-Seite ist auf dem Desktop, im mobilen Browser und in der progressiven Webanwendung (PWA) verf\u00fcgbar.<\/p>\n<p><div class=\"banner-wrap\" aria-label=\"Banner\"><img src=\"https:\/\/oscar-spin.org\/wp-content\/uploads\/2025\/12\/rw8JTBureiQHhx3j3rsg.webp\" class=\"w-100 d-none d-lg-block img-pc main-banner-img\" alt=\"Oscarspin desktop banner\" fetchpriority=\"high\" decoding=\"async\"><img src=\"https:\/\/oscar-spin.org\/wp-content\/uploads\/2025\/12\/Oscarspin-mobile-banner.webp\" class=\"w-100 d-none d-md-block d-lg-none main-banner-img\" alt=\"Oscarspin mobile banner\" fetchpriority=\"high\" decoding=\"async\"><img src=\"https:\/\/oscar-spin.org\/wp-content\/uploads\/2025\/12\/Oscarspin-mobile-banner.webp\" class=\"w-100 d-md-none\" alt=\"Oscarspin mobile banner\" fetchpriority=\"high\" decoding=\"async\"><div class=\"banner-description\">\n<div class=\"banner-title\">Willkommensboni<\/div>\n<p class=\"banner-header-title\">\u20ac4.500<\/p>\n<div class=\"banner-header-AdditionalText\">+ 350 Freispiele<\/div>\n<button data-item=\"homepage_banner_link\" class=\"goto m-button m-gradient-border m-button--primary m-button--large banner-button btn-orange\">\n            <div class=\"m-button-content\">\n                <span>Jetzt anmelden<\/span>\n                <span><\/span>\n            <\/div>\n        <\/button>\n<\/div>\n<div class=\"WelcomePack\">\n<p><img loading=\"lazy\" decoding=\"async\" class=\"alignnone size-full wp-image-1241\" src=\"https:\/\/oscar-spin.org\/wp-content\/uploads\/2025\/12\/welcome-crown.svg\" alt=\"crown\" width=\"25\" height=\"26\" \/><\/p>\n<div class=\"WelcomePack-Info\">W\u00f6chentlicher Cashback von bis zu 15 %<\/div>\n<p><img loading=\"lazy\" decoding=\"async\" class=\"alignnone size-full wp-image-1241\" src=\"https:\/\/oscar-spin.org\/wp-content\/uploads\/2025\/12\/welcome-crown.svg\" alt=\"crown\" width=\"25\" height=\"26\" \/><\/p>\n<\/div>\n<\/div><div class=\"scrollable-content-wrap my-5\"><div class=\"scrollable-content-inner\"><h2>Oscarspin Registrierung<\/h2>\n<p>Wenn Sie ein Konto beim Oscar Spin Casino erstellen, erhalten Sie einen pers\u00f6nlichen Bereich, in dem Ihre wichtigsten Daten und Aktivit\u00e4ten gespeichert werden. Nach der Registrierung sehen Sie ein Dashboard mit Ihrem Guthaben und den letzten Transaktionen. Von dort aus k\u00f6nnen Sie die Spielauswahl \u00f6ffnen, Boni und Cashback verfolgen und den Support kontaktieren. Ein registriertes Konto hilft unserem Team au\u00dferdem, Ihre Anfragen schneller zu bearbeiten, da Ihre Zahlungen und Ihr Verifizierungsstatus mit einem Profil verkn\u00fcpft sind.<\/p>\n<table>\n<tbody>\n<tr>\n<td>Vorteil<\/td>\n<td>Details<\/td>\n<\/tr>\n<tr>\n<td>Zugang zu \u00fcber 6.000 Spielen<\/td>\n<td>Tausende von Spielautomaten, Tischspielen, Live-Dealer-Spielen, Sofortgewinn- und Crash-Style-Spielen.<\/td>\n<\/tr>\n<tr>\n<td>Teilnahme an Aktionen<\/td>\n<td>Beanspruchen Sie Boni und nehmen Sie an Turnieren teil. Nutzen Sie Treue- oder VIP-\u00e4hnliche Belohnungsprogramme.<\/td>\n<\/tr>\n<tr>\n<td>Kontoverwaltung<\/td>\n<td>Verwalten Sie Einzahlungen und Auszahlungen in Ihrem Kontobereich. Verfolgen Sie aktive Boni und Promocodes.<\/td>\n<\/tr>\n<tr>\n<td>Tools f\u00fcr verantwortungsvolles Spielen<\/td>\n<td>Verwenden Sie Sitzungstimer, Limits, Selbstsperre und andere Einstellungen f\u00fcr verantwortungsvolles Spielen.<\/td>\n<\/tr>\n<tr>\n<td>Reibungslose Auszahlungen<\/td>\n<td>Eine erfolgreiche KYC-Verifizierung unterst\u00fctzt schnellere und zuverl\u00e4ssigere Auszahlungen.<\/td>\n<\/tr>\n<tr>\n<td>Zugang zum Support<\/td>\n<td>Kontaktieren Sie den Support per Live-Chat oder E-Mail, wobei Ihre Kontodaten bereits verkn\u00fcpft sind.<\/td>\n<\/tr>\n<\/tbody>\n<\/table>\n<p>Die Registrierung ist nur f\u00fcr berechtigte vollj\u00e4hrige Spieler verf\u00fcgbar. Die Informationen, die Sie eingeben \u2013 zum Beispiel Name, Geburtsdatum und Kontaktdaten \u2013, bilden die Grundlage Ihres Profils. Sp\u00e4ter werden sie w\u00e4hrend der Verifizierung mit Ihren Dokumenten abgeglichen. Alle Informationen, die Sie \u00fcber die Registrierungs- und Login-Formulare \u00fcbermitteln, werden \u00fcber verschl\u00fcsselte Verbindungen gesendet.<\/p>\n<h3>So richten Sie Ihr Konto ein<\/h3>\n<p>Der Registrierungsprozess im Oscarspin Casino ist in einfache Schritte unterteilt:<\/p>\n<ol>\n<li>Webseite \u00f6ffnen und Registrierung starten<br \/>\nGehen Sie auf die Oscarspin-Startseite und w\u00e4hlen Sie im Kopfbereich die Option \u201cRegistrieren\u201d, um das Registrierungsformular zu \u00f6ffnen.<\/li>\n<li>E-Mail-Adresse und Passwort eingeben<br \/>\nGeben Sie auf dem ersten Bildschirm Ihre E-Mail-Adresse ein und w\u00e4hlen Sie ein Passwort. Setzen Sie das H\u00e4kchen, um die Allgemeinen Gesch\u00e4ftsbedingungen und erforderlichen Richtlinien zu akzeptieren, und best\u00e4tigen Sie. Diese E-Mail-Adresse wird sp\u00e4ter als Ihr Login verwendet.<\/li>\n<li>Pers\u00f6nliche Daten erg\u00e4nzen<br \/>\nGeben Sie auf dem n\u00e4chsten Bildschirm Ihren Vornamen, Nachnamen, Ihr Geburtsdatum und Ihre Mobiltelefonnummer ein. Speichern Sie dann das Formular. Verwenden Sie dieselben Daten, die auch in Ihren offiziellen Ausweisdokumenten stehen.<\/li>\n<li>Kontaktdaten best\u00e4tigen, falls angefordert<br \/>\nWenn wir Ihnen einen Best\u00e4tigungslink oder -code senden, folgen Sie den Anweisungen, um Ihre E-Mail-Adresse oder Telefonnummer zu best\u00e4tigen.<\/li>\n<li>Sich zum ersten Mal anmelden<br \/>\nGehen Sie zur\u00fcck zum Bereich \u201cAnmelden\u201d, geben Sie Ihre E-Mail-Adresse und Ihr Passwort ein und melden Sie sich an. Pr\u00fcfen Sie bei Ihrem ersten Besuch, ob Ihre Profildaten korrekt sind. Nehmen Sie sich einen Moment Zeit, um den Kassenbereich, den Bonusbereich und die Einstellungen f\u00fcr verantwortungsvolles Spielen zu finden.<\/li>\n<\/ol>\n<h2>Oscarspin Login und Kontoverwaltung<\/h2>\n<p>Das Oscar Spin Login-Formular verwendet Ihre registrierte E-Mail-Adresse und Ihr Passwort. Nachdem Ihr Konto erstellt wurde, k\u00f6nnen Sie es aufrufen, indem Sie den Anmeldebereich \u00f6ffnen und diese Daten eingeben. Der Login-Datenverkehr ist durch Verschl\u00fcsselung gesch\u00fctzt. Dieselben Sicherheitsstufen gelten sowohl f\u00fcr Anmeldungen als auch f\u00fcr Finanztransaktionen. Sie k\u00f6nnen denselben Login auf dem Desktop, im mobilen Browser und in der PWA verwenden. Ihr Guthaben, Ihre Spielhistorie und Ihre Einstellungen bleiben synchronisiert.<\/p>\n<p>Sobald Sie angemeldet sind, k\u00f6nnen Sie die wichtigsten Bereiche Ihres Kontos von einem Ort aus verwalten. Sie k\u00f6nnen ausgew\u00e4hlte pers\u00f6nliche Daten einsehen und aktualisieren. Sie k\u00f6nnen den Kassenbereich \u00f6ffnen, um Einzahlungen vorzunehmen oder Auszahlungen zu beantragen. Au\u00dferdem k\u00f6nnen Sie aktive Boni und Promocodes verfolgen. Im selben Bereich k\u00f6nnen Sie Tools f\u00fcr verantwortungsvolles Spielen nutzen, etwa Sitzungskontrollen oder Selbstsperre. Wenn eine Verifizierung erforderlich ist, k\u00f6nnen Sie dort Ihre Dokumente hochladen oder einsehen. Wenn Sie Hilfe ben\u00f6tigen, k\u00f6nnen Sie den Kundensupport direkt aus Ihrem Kontobereich per Live-Chat oder E-Mail kontaktieren.<\/p>\n<h3>H\u00e4ufige Login-Probleme<\/h3>\n<p>Wenn Sie Schwierigkeiten beim Anmelden haben, pr\u00fcfen Sie zun\u00e4chst Folgendes:<\/p>\n<ul>\n<li>Die E-Mail-Adresse oder das Passwort wurde mit einem Tippfehler oder mit aktiviertem Caps Lock eingegeben.<\/li>\n<li>Das Konto wurde nach mehreren fehlgeschlagenen Login-Versuchen vor\u00fcbergehend gesperrt.<\/li>\n<li>Eine Sitzung ist noch auf einem anderen Ger\u00e4t oder in einem anderen Browser aktiv.<\/li>\n<li>Browser-Cache, Erweiterungen oder Pop-up-Einstellungen st\u00f6ren die Anmelde- oder Kassenfenster.<\/li>\n<li>Kurzfristige technische Arbeiten oder Wartungsarbeiten finden auf der Seite statt.<\/li>\n<\/ul>\n<p>Wenn diese Pr\u00fcfungen das Problem nicht l\u00f6sen, verwenden Sie die Option zum Zur\u00fccksetzen des Passworts oder kontaktieren Sie den Support, damit wir das Problem gemeinsam mit Ihnen pr\u00fcfen k\u00f6nnen.<\/p>\n<h3>Passwort zur\u00fccksetzen<\/h3>\n<p>Wenn Sie sich nicht anmelden k\u00f6nnen, weil Sie Ihr Passwort vergessen haben, k\u00f6nnen Sie es direkt vom Login-Bildschirm aus zur\u00fccksetzen. W\u00e4hlen Sie \u201cPasswort vergessen?\u201d, geben Sie die E-Mail-Adresse ein, die f\u00fcr Ihr Konto registriert ist, und senden Sie das Formular ab. Eine Nachricht mit einem Link zum Zur\u00fccksetzen des Passworts wird f\u00fcr einen begrenzten Zeitraum an diese Adresse gesendet.<\/p>\n<p>Folgen Sie dem Link, w\u00e4hlen Sie ein neues Passwort und best\u00e4tigen Sie es. F\u00fcr mehr Sicherheit verwenden Sie ein Passwort, das Sie nicht auf anderen Websites nutzen und das verschiedene Zeichentypen kombiniert. Wenn die Nachricht nicht ankommt, pr\u00fcfen Sie Ihre Spam- oder Junk-Ordner. Stellen Sie au\u00dferdem sicher, dass die eingegebene E-Mail-Adresse korrekt ist. Wenn Sie Ihr Passwort trotzdem nicht zur\u00fccksetzen k\u00f6nnen, kontaktieren Sie den Kundensupport per Live-Chat oder E-Mail.<\/p>\n<h2>Verifizierung im Oscarspin Casino<\/h2>\n<p>Die Verifizierung (KYC \u2013 \u201eKenne deinen Kunden\u201c) ist ein obligatorischer Bestandteil der Nutzung von Oscarspin Casino und wird in unseren KYC-Richtlinien beschrieben. Wir bitten jeden Spieler, seine Identit\u00e4t und Adresse zu best\u00e4tigen, bevor Auszahlungen vollst\u00e4ndig verf\u00fcgbar sind. Sie laden Ihre Dokumente im Verifizierungsbereich Ihres Kontos hoch. Dies umfasst in der Regel ein amtliches Ausweisdokument und einen aktuellen Nachweis Ihrer Wohnadresse. Bei einigen Zahlungsmethoden ben\u00f6tigen wir m\u00f6glicherweise zus\u00e4tzlich ein Dokument, das mit der jeweiligen Methode zusammenh\u00e4ngt, wie z. B. einen Screenshot oder einen Kontoauszug. Alle Dateien werden \u00fcber verschl\u00fcsselte Verbindungen hochgeladen und von unserem Verifizierungsteam bearbeitet.<\/p>\n<p>Nachdem Sie die Dokumente eingereicht haben, pr\u00fcft unser KYC-Team diese und aktualisiert den Status in Ihrem Konto. Wir sind bem\u00fcht, diese Pr\u00fcfung so schnell wie m\u00f6glich abzuschlie\u00dfen. Sie werden per E-Mail oder durch eine Benachrichtigung auf der Seite informiert, wenn weitere Unterlagen erforderlich sind. Bis die Verifizierung abgeschlossen ist, k\u00f6nnen Limits f\u00fcr Auszahlungen gelten. Wenn Sie diesen Prozess fr\u00fchzeitig abschlie\u00dfen, m\u00f6glichst vor Ihrer ersten Auszahlungsanfrage, werden sp\u00e4tere Auszahlungen in der Regel reibungsloser bearbeitet.<\/p>\n<h2>FAQ<\/h2>\n<h3>Kann ich auf meinem Ger\u00e4t eingeloggt bleiben?<\/h3>\n<p>Auf gemeinsam genutzten oder \u00f6ffentlichen Ger\u00e4ten empfehlen wir dringend, sich nach jeder Sitzung auszuloggen. Auf Ihrem pers\u00f6nlichen Ger\u00e4t kann Ihr Browser oder die PWA Sie je nach Einstellungen l\u00e4nger angemeldet lassen. Wenn Sie lieber nicht eingeloggt bleiben m\u00f6chten, vermeiden Sie es, Ihr Passwort im Browser zu speichern. Verwenden Sie immer die Abmeldeoption, wenn Sie mit dem Spielen fertig sind.<\/p>\n<h3>Warum sehe ich die Meldung, dass ich bereits eingeloggt bin?<\/h3>\n<p>In den meisten F\u00e4llen bedeutet dies, dass Ihre vorherige Sitzung noch in einem anderen Tab, Browser oder auf einem anderen Ger\u00e4t aktiv ist. Schlie\u00dfen Sie alle ge\u00f6ffneten Spiel- oder Kassenfenster und loggen Sie sich aus, bevor Sie erneut versuchen, sich anzumelden. Wenn die Meldung weiterhin angezeigt wird, kontaktieren Sie den Kundensupport, damit wir aktive Sitzungen auf unserer Seite schlie\u00dfen k\u00f6nnen.<\/p>\n<h3>Kann ich meine registrierte E-Mail-Adresse oder Telefonnummer \u00e4ndern?<\/h3>\n<p>Einige Kontaktdaten k\u00f6nnen direkt in Ihren Kontoeinstellungen aktualisiert werden. Wenn ein Feld, das Sie \u00e4ndern m\u00f6chten, nicht bearbeitbar ist, kontaktieren Sie den Kundensupport. Wir erkl\u00e4ren Ihnen, welche Best\u00e4tigungen oder Dokumente ben\u00f6tigt werden, bevor die \u00c4nderung durchgef\u00fchrt werden kann.<\/p>\n<\/div><\/div><\/p>\n","protected":false},"excerpt":{"rendered":"<p>Oscarspin-Login Der Oscarspin Login ist Ihr Zugang zu Ihrem Casino-Konto und der Ort, an dem Ihre Daten, Zahlungen und Ihre Spielaktivit\u00e4t an einem Platz geb\u00fcndelt werden. Dieselbe Login-Seite ist auf dem Desktop, im mobilen Browser und in der progressiven Webanwendung (PWA) verf\u00fcgbar.<\/p>\n","protected":false},"author":1,"featured_media":0,"parent":0,"menu_order":0,"comment_status":"closed","ping_status":"closed","template":"template-builder.php","meta":{"_acf_changed":false,"inline_featured_image":false,"footnotes":""},"class_list":["post-1330","page","type-page","status-publish","hentry"],"acf":[],"yoast_head":"<!-- This site is optimized with the Yoast SEO plugin v27.3 - https:\/\/yoast.com\/product\/yoast-seo-wordpress\/ -->\n<title>Oscarspin Login | Registrieren und Konto verwalten<\/title>\n<meta name=\"description\" content=\"Erstellen Sie ein Oscarspin Login, um sicher auf Ihr Konto zuzugreifen, Einzahlungen zu verwalten und Boni zu nutzen. Schnelle Registrierung f\u00fcr neue Nutzer. Jetzt anmelden oder einloggen und die besten Online-Casino-Spiele spielen!\" \/>\n<meta name=\"robots\" content=\"index, follow, max-snippet:-1, max-image-preview:large, max-video-preview:-1\" \/>\n<link rel=\"canonical\" href=\"https:\/\/oscar-spin.org\/de\/anmeldung-und-registrierung\/\" \/>\n<meta property=\"og:locale\" content=\"de_DE\" \/>\n<meta property=\"og:type\" content=\"article\" \/>\n<meta property=\"og:title\" content=\"Oscarspin Login | Registrieren und Konto verwalten\" \/>\n<meta property=\"og:description\" content=\"Erstellen Sie ein Oscarspin Login, um sicher auf Ihr Konto zuzugreifen, Einzahlungen zu verwalten und Boni zu nutzen. Schnelle Registrierung f\u00fcr neue Nutzer. Jetzt anmelden oder einloggen und die besten Online-Casino-Spiele spielen!\" \/>\n<meta property=\"og:url\" content=\"https:\/\/oscar-spin.org\/de\/anmeldung-und-registrierung\/\" \/>\n<meta property=\"og:site_name\" content=\"oscar-spin\" \/>\n<meta property=\"article:modified_time\" content=\"2025-12-12T13:45:45+00:00\" \/>\n<meta name=\"twitter:card\" content=\"summary_large_image\" \/>\n<meta name=\"twitter:label1\" content=\"Gesch\u00e4tzte Lesezeit\" \/>\n\t<meta name=\"twitter:data1\" content=\"1\u00a0Minute\" \/>\n<script type=\"application\/ld+json\" class=\"yoast-schema-graph\">{\"@context\":\"https:\\\/\\\/schema.org\",\"@graph\":[{\"@type\":\"WebPage\",\"@id\":\"https:\\\/\\\/oscar-spin.org\\\/de\\\/anmeldung-und-registrierung\\\/\",\"url\":\"https:\\\/\\\/oscar-spin.org\\\/de\\\/anmeldung-und-registrierung\\\/\",\"name\":\"Oscarspin Login | Registrieren und Konto verwalten\",\"isPartOf\":{\"@id\":\"https:\\\/\\\/oscar-spin.org\\\/de\\\/#website\"},\"datePublished\":\"2025-12-11T13:13:17+00:00\",\"dateModified\":\"2025-12-12T13:45:45+00:00\",\"description\":\"Erstellen Sie ein Oscarspin Login, um sicher auf Ihr Konto zuzugreifen, Einzahlungen zu verwalten und Boni zu nutzen. Schnelle Registrierung f\u00fcr neue Nutzer. Jetzt anmelden oder einloggen und die besten Online-Casino-Spiele spielen!\",\"breadcrumb\":{\"@id\":\"https:\\\/\\\/oscar-spin.org\\\/de\\\/anmeldung-und-registrierung\\\/#breadcrumb\"},\"inLanguage\":\"de\",\"potentialAction\":[{\"@type\":\"ReadAction\",\"target\":[\"https:\\\/\\\/oscar-spin.org\\\/de\\\/anmeldung-und-registrierung\\\/\"]}]},{\"@type\":\"BreadcrumbList\",\"@id\":\"https:\\\/\\\/oscar-spin.org\\\/de\\\/anmeldung-und-registrierung\\\/#breadcrumb\",\"itemListElement\":[{\"@type\":\"ListItem\",\"position\":1,\"name\":\"Oscarspin\",\"item\":\"https:\\\/\\\/oscar-spin.org\\\/de\\\/\"},{\"@type\":\"ListItem\",\"position\":2,\"name\":\"Anmeldung und Registrierung\"}]},{\"@type\":\"WebSite\",\"@id\":\"https:\\\/\\\/oscar-spin.org\\\/de\\\/#website\",\"url\":\"https:\\\/\\\/oscar-spin.org\\\/de\\\/\",\"name\":\"Oscarspin\",\"description\":\"\",\"publisher\":{\"@id\":\"https:\\\/\\\/oscar-spin.org\\\/de\\\/#organization\"},\"potentialAction\":[{\"@type\":\"SearchAction\",\"target\":{\"@type\":\"EntryPoint\",\"urlTemplate\":\"https:\\\/\\\/oscar-spin.org\\\/de\\\/?s={search_term_string}\"},\"query-input\":{\"@type\":\"PropertyValueSpecification\",\"valueRequired\":true,\"valueName\":\"search_term_string\"}}],\"inLanguage\":\"de\"},{\"@type\":\"Organization\",\"@id\":\"https:\\\/\\\/oscar-spin.org\\\/de\\\/#organization\",\"name\":\"Oscarspin\",\"url\":\"https:\\\/\\\/oscar-spin.org\\\/de\\\/\",\"logo\":{\"@type\":\"ImageObject\",\"inLanguage\":\"de\",\"@id\":\"https:\\\/\\\/oscar-spin.org\\\/de\\\/#\\\/schema\\\/logo\\\/image\\\/\",\"url\":\"https:\\\/\\\/oscar-spin.org\\\/wp-content\\\/uploads\\\/2025\\\/03\\\/logo-main.svg\",\"contentUrl\":\"https:\\\/\\\/oscar-spin.org\\\/wp-content\\\/uploads\\\/2025\\\/03\\\/logo-main.svg\",\"width\":161,\"height\":34,\"caption\":\"Oscarspin\"},\"image\":{\"@id\":\"https:\\\/\\\/oscar-spin.org\\\/de\\\/#\\\/schema\\\/logo\\\/image\\\/\"}}]}<\/script>\n<!-- \/ Yoast SEO plugin. -->","yoast_head_json":{"title":"Oscarspin Login | Registrieren und Konto verwalten","description":"Erstellen Sie ein Oscarspin Login, um sicher auf Ihr Konto zuzugreifen, Einzahlungen zu verwalten und Boni zu nutzen. Schnelle Registrierung f\u00fcr neue Nutzer. Jetzt anmelden oder einloggen und die besten Online-Casino-Spiele spielen!","robots":{"index":"index","follow":"follow","max-snippet":"max-snippet:-1","max-image-preview":"max-image-preview:large","max-video-preview":"max-video-preview:-1"},"canonical":"https:\/\/oscar-spin.org\/de\/anmeldung-und-registrierung\/","og_locale":"de_DE","og_type":"article","og_title":"Oscarspin Login | Registrieren und Konto verwalten","og_description":"Erstellen Sie ein Oscarspin Login, um sicher auf Ihr Konto zuzugreifen, Einzahlungen zu verwalten und Boni zu nutzen. Schnelle Registrierung f\u00fcr neue Nutzer. Jetzt anmelden oder einloggen und die besten Online-Casino-Spiele spielen!","og_url":"https:\/\/oscar-spin.org\/de\/anmeldung-und-registrierung\/","og_site_name":"oscar-spin","article_modified_time":"2025-12-12T13:45:45+00:00","twitter_card":"summary_large_image","twitter_misc":{"Gesch\u00e4tzte Lesezeit":"1\u00a0Minute"},"schema":{"@context":"https:\/\/schema.org","@graph":[{"@type":"WebPage","@id":"https:\/\/oscar-spin.org\/de\/anmeldung-und-registrierung\/","url":"https:\/\/oscar-spin.org\/de\/anmeldung-und-registrierung\/","name":"Oscarspin Login | Registrieren und Konto verwalten","isPartOf":{"@id":"https:\/\/oscar-spin.org\/de\/#website"},"datePublished":"2025-12-11T13:13:17+00:00","dateModified":"2025-12-12T13:45:45+00:00","description":"Erstellen Sie ein Oscarspin Login, um sicher auf Ihr Konto zuzugreifen, Einzahlungen zu verwalten und Boni zu nutzen. Schnelle Registrierung f\u00fcr neue Nutzer. Jetzt anmelden oder einloggen und die besten Online-Casino-Spiele spielen!","breadcrumb":{"@id":"https:\/\/oscar-spin.org\/de\/anmeldung-und-registrierung\/#breadcrumb"},"inLanguage":"de","potentialAction":[{"@type":"ReadAction","target":["https:\/\/oscar-spin.org\/de\/anmeldung-und-registrierung\/"]}]},{"@type":"BreadcrumbList","@id":"https:\/\/oscar-spin.org\/de\/anmeldung-und-registrierung\/#breadcrumb","itemListElement":[{"@type":"ListItem","position":1,"name":"Oscarspin","item":"https:\/\/oscar-spin.org\/de\/"},{"@type":"ListItem","position":2,"name":"Anmeldung und Registrierung"}]},{"@type":"WebSite","@id":"https:\/\/oscar-spin.org\/de\/#website","url":"https:\/\/oscar-spin.org\/de\/","name":"Oscarspin","description":"","publisher":{"@id":"https:\/\/oscar-spin.org\/de\/#organization"},"potentialAction":[{"@type":"SearchAction","target":{"@type":"EntryPoint","urlTemplate":"https:\/\/oscar-spin.org\/de\/?s={search_term_string}"},"query-input":{"@type":"PropertyValueSpecification","valueRequired":true,"valueName":"search_term_string"}}],"inLanguage":"de"},{"@type":"Organization","@id":"https:\/\/oscar-spin.org\/de\/#organization","name":"Oscarspin","url":"https:\/\/oscar-spin.org\/de\/","logo":{"@type":"ImageObject","inLanguage":"de","@id":"https:\/\/oscar-spin.org\/de\/#\/schema\/logo\/image\/","url":"https:\/\/oscar-spin.org\/wp-content\/uploads\/2025\/03\/logo-main.svg","contentUrl":"https:\/\/oscar-spin.org\/wp-content\/uploads\/2025\/03\/logo-main.svg","width":161,"height":34,"caption":"Oscarspin"},"image":{"@id":"https:\/\/oscar-spin.org\/de\/#\/schema\/logo\/image\/"}}]}},"_links":{"self":[{"href":"https:\/\/oscar-spin.org\/de\/wp-json\/wp\/v2\/pages\/1330","targetHints":{"allow":["GET"]}}],"collection":[{"href":"https:\/\/oscar-spin.org\/de\/wp-json\/wp\/v2\/pages"}],"about":[{"href":"https:\/\/oscar-spin.org\/de\/wp-json\/wp\/v2\/types\/page"}],"author":[{"embeddable":true,"href":"https:\/\/oscar-spin.org\/de\/wp-json\/wp\/v2\/users\/1"}],"replies":[{"embeddable":true,"href":"https:\/\/oscar-spin.org\/de\/wp-json\/wp\/v2\/comments?post=1330"}],"version-history":[{"count":3,"href":"https:\/\/oscar-spin.org\/de\/wp-json\/wp\/v2\/pages\/1330\/revisions"}],"predecessor-version":[{"id":1761,"href":"https:\/\/oscar-spin.org\/de\/wp-json\/wp\/v2\/pages\/1330\/revisions\/1761"}],"wp:attachment":[{"href":"https:\/\/oscar-spin.org\/de\/wp-json\/wp\/v2\/media?parent=1330"}],"curies":[{"name":"wp","href":"https:\/\/api.w.org\/{rel}","templated":true}]}}